{"id":33,"date":"2025-03-22T22:06:08","date_gmt":"2025-03-22T22:06:08","guid":{"rendered":"https:\/\/richemontplus.com\/?page_id=33"},"modified":"2026-02-03T09:06:52","modified_gmt":"2026-02-03T08:06:52","slug":"membership","status":"publish","type":"page","link":"https:\/\/richemontdev.wp-experten.org\/en\/membership\/","title":{"rendered":"MEMBERSHIP"},"content":{"rendered":"","protected":false},"excerpt":{"rendered":"","protected":false},"author":4,"featured_media":0,"parent":0,"menu_order":0,"comment_status":"closed","ping_status":"closed","template":"page-homepage.php","meta":{"_acf_changed":false,"inline_featured_image":false,"editor_notices":[],"footnotes":""},"class_list":["post-33","page","type-page","status-publish","hentry"],"acf":{"page_builder":[{"acf_fc_layout":"intro_section","media_type":"image","intro_image":4785,"intro_video":false,"intro_youtube_url":"","intro_heading":"Become a member now","intro_subheading":"With an annual subscription, you get access to video courses, recipes and expert knowledge.","intro_links":[{"intro_link":{"title":"Annual subscription","url":"https:\/\/richemontplus.com\/en\/product\/richemontplus-premium\/","target":""},"intro_link_text_color":"#ffffff","intro_link_background_color":"#e8960c"},{"intro_link":{"title":"Monthly subscription","url":"https:\/\/richemontplus.com\/en\/product\/monthly-subscription\/","target":""},"intro_link_text_color":"#e8960c","intro_link_background_color":"#ffffff"}]},{"acf_fc_layout":"logo_section","logos":[{"logo":1902,"logo_url":""},{"logo":1903,"logo_url":""},{"logo":1904,"logo_url":""},{"logo":1926,"logo_url":""},{"logo":1905,"logo_url":""},{"logo":1928,"logo_url":""},{"logo":1902,"logo_url":""},{"logo":1903,"logo_url":""},{"logo":1904,"logo_url":""},{"logo":1926,"logo_url":""},{"logo":1905,"logo_url":""},{"logo":1928,"logo_url":""}]},{"acf_fc_layout":"editor_with_list_section","ewls_heading":"Your benefits with richemontplus.com","ewls_description":"<p>Whether you want to refresh your knowledge, try something new or perfect your recipes, your membership gives you access to video courses, recipes and other content tailored to your subscription. Sign up now.<\/p>\n","ewls_bullet_list":[{"ewls_b_icon":"https:\/\/richemontdev.wp-experten.org\/en\/wp-content\/uploads\/sites\/2\/2025\/03\/Vector.svg","ewls_b_heading":"Premium Member","ewls_b_content_type":"editor","ewls_b_description":"With a premium annual membership, you have full access to all video courses, recipes and new expert content.","ewls_b_list":[{"ewls_b_list_text":"15 B\u00e4ckerei Kurse"},{"ewls_b_list_text":"15 Konditorei Kurse  "},{"ewls_b_list_text":"10 Confiserie Kurse  "},{"ewls_b_list_text":"X Detailhandels-Kurse"}]},{"ewls_b_icon":"https:\/\/richemontdev.wp-experten.org\/en\/wp-content\/uploads\/sites\/2\/2025\/03\/Vector.svg","ewls_b_heading":"Know-how from experts","ewls_b_content_type":"editor","ewls_b_description":"Tap into practical knowledge from the Richemont World and external industry experts.","ewls_b_list":[{"ewls_b_list_text":"Urs Meichtry die Abteilung Konditorei und Confiserie   "},{"ewls_b_list_text":"Daniel Stadelmann die Abteilung f\u00fcr B\u00e4ckerei und Feinb\u00e4ckerei"},{"ewls_b_list_text":" Max Muster f\u00fcr Verkauf \u2013 perfektes Fachwissen"}]},{"ewls_b_icon":"https:\/\/richemontdev.wp-experten.org\/en\/wp-content\/uploads\/sites\/2\/2025\/03\/Vector.svg","ewls_b_heading":"\u202f\u202fPractical knowledge and trends","ewls_b_content_type":"editor","ewls_b_description":"New content and trends that will expand your craft and advance your professional skills.","ewls_b_list":[{"ewls_b_list_text":"Mehr als 200 erprobte Fachrezepte \u2013 speziell f\u00fcr B\u00e4ckereien und Confiserien entwickelt."}]}]},{"acf_fc_layout":"pricing_table","pt_background_color":"#E8960C21","pt_text_color":"#000000","pt_title":"Our subscription plans at a glance","pt_editor":"<p>Compare our subscription plans and choose the right one for your individual development.<br \/>\nTake your craft in baking, pastry making and confectionery to the next level.<\/p>\n","pt_table":[{"pt_table_label":"","pt_heading":"Monthly subscription","pt_description":"Monthly payment","pt_before_price_text":"CHF","pt_price":"49","pt_price_sup_text":" 00","pt_price_currency":"incl. VAT","pt_cta_button":{"title":"Add to cart","url":"https:\/\/richemontplus.com\/en\/product\/monthly-subscription\/","target":""},"pt_metadata":[{"pt_metadata_text":"Unlimited access to all online video courses"},{"pt_metadata_text":"PDF download of the recipe for the course"},{"pt_metadata_text":"Certificate upon completion of each course"},{"pt_metadata_text":"Recipe database with quantity adjustment"},{"pt_metadata_text":"Exciting expert articles incl. audio option"},{"pt_metadata_text":"Monthly billing"}]},{"pt_table_label":"Recommended","pt_heading":"Annual subscription","pt_description":"Annual payment","pt_before_price_text":"CHF","pt_price":"390","pt_price_sup_text":"00","pt_price_currency":"incl. VAT","pt_cta_button":{"title":"Add to cart","url":"https:\/\/richemontplus.com\/en\/product\/richemontplus-premium\/","target":""},"pt_metadata":[{"pt_metadata_text":"Unlimited access to all online video courses"},{"pt_metadata_text":"PDF download of the recipe for the course"},{"pt_metadata_text":"Certificate upon completion of each course"},{"pt_metadata_text":"Recipe database with quantity adjustment"},{"pt_metadata_text":"Exciting expert articles incl. audio option"},{"pt_metadata_text":"Annual billing"}]},{"pt_table_label":"","pt_heading":"Single course","pt_description":"One-time payment per course","pt_before_price_text":"from CHF","pt_price":"29","pt_price_sup_text":"00","pt_price_currency":"incl. VAT","pt_cta_button":{"title":"Go to online courses","url":"https:\/\/richemontplus.com\/en\/onlinecourses\/","target":""},"pt_metadata":[{"pt_metadata_text":"Individual access to the online course"},{"pt_metadata_text":"PDF download of the online course recipe"},{"pt_metadata_text":"Certificate upon completion of the online course"}]}]},{"acf_fc_layout":"cta_section","cs_background_image":71,"cs_heading":"Seize the chance to grow your craft","cs_description":"<p>Discover the learning platform for everyone who is passionate about baking, pastry making and confectionery. Register now and benefit from the expertise of our experienced professionals.<\/p>\n","cs_link":{"title":"Annual subscription","url":"https:\/\/richemontplus.com\/en\/product\/richemontplus-premium\/","target":""},"cta_section_buttons":[{"cs__inner_link":{"title":"Monthly subscription","url":"https:\/\/richemontplus.com\/en\/product\/monthly-subscription\/","target":""}}]},{"acf_fc_layout":"cta_with_banner_section","ctawb_add_cta":[{"ctawb_media_type":"image","ctawb_background_image":5130,"ctawb_video_url":"","ctawb_title":"Online Courses","ctawb_editor":"<p>With clearly structured video lessons, you can learn flexibly and at your own pace. Each course is structured step by step and offers you easy-to-understand video and text explanations, the recipe as a PDF file, and practical tips on tools and expertise directly from the field. At the end, you will receive a personal certificate confirming your newly acquired skills.<\/p>\n","ctawb_cta_link":{"title":"Go to online courses","url":"https:\/\/richemontplus.com\/en\/onlinecourses\/","target":""},"ctawb_content_position":"left"},{"ctawb_media_type":"image","ctawb_background_image":141,"ctawb_video_url":"","ctawb_title":"Digital Recipes","ctawb_editor":"<p>Discover a wide variety of recipes from the bakery, pastry and confectionery industry. All recipes are available as PDF files and can be flexibly adapted to your desired quantity. Be inspired by new ideas, tried-and-tested classics and professionally tested recipes that you can put into practice straight away.<\/p>\n","ctawb_cta_link":{"title":"Go to recipes","url":"https:\/\/richemontplus.com\/en\/recipes\/","target":""},"ctawb_content_position":"right"},{"ctawb_media_type":"image","ctawb_background_image":142,"ctawb_video_url":"","ctawb_title":"Exciting Blog Articles","ctawb_editor":"<p>Deepen your knowledge with specialist articles on raw ingredients, techniques, health, enjoyment and much more. Discover background information, culinary stories and exciting insights into seasonal trends, cultures and sustainability \u2013 presented in an understandable way and straight from the field.<\/p>\n","ctawb_cta_link":{"title":"Go to blog articles","url":"https:\/\/richemontplus.com\/en\/blog\/","target":""},"ctawb_content_position":"left"}]},{"acf_fc_layout":"cta_with_banner_section","ctawb_add_cta":[{"ctawb_media_type":"image","ctawb_background_image":4998,"ctawb_video_url":"","ctawb_title":"David Schmid","ctawb_editor":"<p>David Schmid is switching things up in his confectionery workshop. He\u2019s on a mission to make the confectionery profession exciting again\u2014not just by creating exceptional pieces, but by showing what being a confectioner is really all about. \u201cI want people to feel the passion behind the craft,\u201d he says. \u201cIt\u2019s not about being the best &#8211; it\u2019s about being real.<\/p>\n","ctawb_cta_link":{"title":"La Patisserie David Schmid","url":"https:\/\/www.lapatisseriedavidschmid.ch\/","target":""},"ctawb_content_position":"left"}]},{"acf_fc_layout":"faq_section","faq_background_image":69,"faq_heading":"FAQ","question_answers":[{"question":"Which target group is richemontplus.com intended for?","answer":"<p>The <strong>richemontplus.com<\/strong> learning platform is aimed at professionals from the bakery, pastry and confectionery industry who want to deepen their specialist knowledge, gain new inspiration and continue their education. It is also aimed at anyone interested in learning about new trends and developing their craft.<\/p>\n"},{"question":"What content can I find on richemontplus.com?","answer":"<p data-start=\"394\" data-end=\"431\">The platform offers you:<\/p>\n<ul data-start=\"432\" data-end=\"596\">\n<li data-start=\"432\" data-end=\"473\">\n<p data-start=\"434\" data-end=\"473\"><strong>Online courses<\/strong>\u00a0with practical learning videos<\/p>\n<\/li>\n<li data-start=\"474\" data-end=\"515\">\n<p data-start=\"476\" data-end=\"515\"><strong>Recipes<\/strong>\u00a0for everyday working life<\/p>\n<\/li>\n<li data-start=\"516\" data-end=\"596\">\n<p data-start=\"518\" data-end=\"596\"><strong>Specialist articles<\/strong>\u00a0on current industry topics<\/p>\n<\/li>\n<\/ul>\n<p>This content is constantly being expanded so that you always have your finger on the pulse of the industry.<\/p>\n"},{"question":"What memberships are available?","answer":"<p>You can choose between two types of membership:<\/p>\n<p><strong>Annual subscription (CHF 390)<\/strong><br \/>\nPay once, get a year&#8217;s worth of access: all online courses, all recipes and all specialist articles \u2013 without restrictions.<\/p>\n<p><strong>Monthly subscription (CHF 49)<\/strong><br \/>\nFull flexibility with the same content: can be cancelled monthly, join and leave at any time.<\/p>\n<p>Alternatively, you can also purchase individual online courses or bundles \u2013 without a subscription.<\/p>\n<p>&nbsp;<\/p>\n"},{"question":"Is there also free content?","answer":"<p>Yes, you can find free online courses as well as selected recipes and specialist articles at richemontplus.com. Just take a look and discover.<\/p>\n"},{"question":"How can I access the content?","answer":"<p id=\"4\" class=\"accordion-header\">All content can be accessed directly via your web browser, no additional app is required. You can learn flexibly and from anywhere.<\/p>\n"},{"question":"Do I receive a certificate after completing a course?","answer":"<p id=\"5\" class=\"accordion-header\">Yes, after successfully completing an online course, you will receive a certificate from Richemont Centre of Excellence documenting your further training<\/p>\n"},{"question":"How often is new content published?","answer":"<p>New content such as recipes, specialist articles, and online courses are regularly available at richemontplus.com.<\/p>\n<p id=\"6\" class=\"accordion-header\">This keeps you up to date with the latest developments in your field and provides you with a constant source of new inspiration.<\/p>\n"},{"question":"Who can I contact if I have technical problems?","answer":"<p>If you have any technical difficulties or questions, please contact our support team. Use the contact form on our website or send an e-mail to\u00a0<a href=\"mailto:info@richemontplus.com\" data-start=\"78\" data-end=\"139\">info@richemontplus.com<\/a>.<\/p>\n"}]}]},"yoast_head":"<!-- This site is optimized with the Yoast SEO Premium plugin v26.8 (Yoast SEO v26.8) - https:\/\/yoast.com\/product\/yoast-seo-premium-wordpress\/ -->\n<title>MEMBERSHIP - Digital learning richemontplus.com<\/title>\n<meta name=\"description\" content=\"Become a member for more expertise in the areas of baking, pastry and confectionery with video courses, blog articles and recipes.\" \/>\n<meta name=\"robots\" content=\"index, follow, max-snippet:-1, max-image-preview:large, max-video-preview:-1\" \/>\n<link rel=\"canonical\" href=\"https:\/\/richemontplus.com\/en\/membership\/\" \/>\n<meta property=\"og:locale\" content=\"en_US\" \/>\n<meta property=\"og:type\" content=\"article\" \/>\n<meta property=\"og:title\" content=\"MEMBERSHIP\" \/>\n<meta property=\"og:description\" content=\"Become a member for more expertise in the areas of baking, pastry and confectionery with video courses, blog articles and recipes.\" \/>\n<meta property=\"og:url\" content=\"https:\/\/richemontplus.com\/en\/membership\/\" \/>\n<meta property=\"og:site_name\" content=\"Richemontplus.com International\" \/>\n<meta property=\"article:modified_time\" content=\"2026-02-03T08:06:52+00:00\" \/>\n<meta name=\"twitter:card\" content=\"summary_large_image\" \/>\n<meta name=\"twitter:label1\" content=\"Est. reading time\" \/>\n\t<meta name=\"twitter:data1\" content=\"9 minutes\" \/>\n<script type=\"application\/ld+json\" class=\"yoast-schema-graph\">{\"@context\":\"https:\/\/schema.org\",\"@graph\":[{\"@type\":\"WebPage\",\"@id\":\"https:\/\/richemontplus.com\/en\/membership\/\",\"url\":\"https:\/\/richemontplus.com\/en\/membership\/\",\"name\":\"MEMBERSHIP - Digital learning richemontplus.com\",\"isPartOf\":{\"@id\":\"https:\/\/richemontplus.com\/en\/#website\"},\"datePublished\":\"2025-03-22T22:06:08+00:00\",\"dateModified\":\"2026-02-03T08:06:52+00:00\",\"description\":\"Become a member for more expertise in the areas of baking, pastry and confectionery with video courses, blog articles and recipes.\",\"breadcrumb\":{\"@id\":\"https:\/\/richemontplus.com\/en\/membership\/#breadcrumb\"},\"inLanguage\":\"en-US\",\"potentialAction\":[{\"@type\":\"ReadAction\",\"target\":[\"https:\/\/richemontplus.com\/en\/membership\/\"]}]},{\"@type\":\"BreadcrumbList\",\"@id\":\"https:\/\/richemontplus.com\/en\/membership\/#breadcrumb\",\"itemListElement\":[{\"@type\":\"ListItem\",\"position\":1,\"name\":\"Startseite\",\"item\":\"https:\/\/richemontplus.com\/en\/\"},{\"@type\":\"ListItem\",\"position\":2,\"name\":\"MEMBERSHIP\"}]},{\"@type\":\"WebSite\",\"@id\":\"https:\/\/richemontplus.com\/en\/#website\",\"url\":\"https:\/\/richemontplus.com\/en\/\",\"name\":\"Richemontplus.com\",\"description\":\"High-quality educational videos, practical recipes and exciting blog articles\",\"publisher\":{\"@id\":\"https:\/\/richemontplus.com\/en\/#organization\"},\"potentialAction\":[{\"@type\":\"SearchAction\",\"target\":{\"@type\":\"EntryPoint\",\"urlTemplate\":\"https:\/\/richemontplus.com\/en\/?s={search_term_string}\"},\"query-input\":{\"@type\":\"PropertyValueSpecification\",\"valueRequired\":true,\"valueName\":\"search_term_string\"}}],\"inLanguage\":\"en-US\"},{\"@type\":\"Organization\",\"@id\":\"https:\/\/richemontplus.com\/en\/#organization\",\"name\":\"Richemontplus.com\",\"url\":\"https:\/\/richemontplus.com\/en\/\",\"logo\":{\"@type\":\"ImageObject\",\"inLanguage\":\"en-US\",\"@id\":\"https:\/\/richemontplus.com\/en\/#\/schema\/logo\/image\/\",\"url\":\"https:\/\/richemontplus.com\/wp-content\/uploads\/2025\/05\/web_Richemont_plus_mit_Claim_pos.svg\",\"contentUrl\":\"https:\/\/richemontplus.com\/wp-content\/uploads\/2025\/05\/web_Richemont_plus_mit_Claim_pos.svg\",\"width\":\"1024\",\"height\":\"1024\",\"caption\":\"Richemontplus.com\"},\"image\":{\"@id\":\"https:\/\/richemontplus.com\/en\/#\/schema\/logo\/image\/\"}}]}<\/script>\n<!-- \/ Yoast SEO Premium plugin. -->","yoast_head_json":{"title":"MEMBERSHIP - Digital learning richemontplus.com","description":"Become a member for more expertise in the areas of baking, pastry and confectionery with video courses, blog articles and recipes.","robots":{"index":"index","follow":"follow","max-snippet":"max-snippet:-1","max-image-preview":"max-image-preview:large","max-video-preview":"max-video-preview:-1"},"canonical":"https:\/\/richemontplus.com\/en\/membership\/","og_locale":"en_US","og_type":"article","og_title":"MEMBERSHIP","og_description":"Become a member for more expertise in the areas of baking, pastry and confectionery with video courses, blog articles and recipes.","og_url":"https:\/\/richemontplus.com\/en\/membership\/","og_site_name":"Richemontplus.com International","article_modified_time":"2026-02-03T08:06:52+00:00","twitter_card":"summary_large_image","twitter_misc":{"Est. reading time":"9 minutes"},"schema":{"@context":"https:\/\/schema.org","@graph":[{"@type":"WebPage","@id":"https:\/\/richemontplus.com\/en\/membership\/","url":"https:\/\/richemontplus.com\/en\/membership\/","name":"MEMBERSHIP - Digital learning richemontplus.com","isPartOf":{"@id":"https:\/\/richemontplus.com\/en\/#website"},"datePublished":"2025-03-22T22:06:08+00:00","dateModified":"2026-02-03T08:06:52+00:00","description":"Become a member for more expertise in the areas of baking, pastry and confectionery with video courses, blog articles and recipes.","breadcrumb":{"@id":"https:\/\/richemontplus.com\/en\/membership\/#breadcrumb"},"inLanguage":"en-US","potentialAction":[{"@type":"ReadAction","target":["https:\/\/richemontplus.com\/en\/membership\/"]}]},{"@type":"BreadcrumbList","@id":"https:\/\/richemontplus.com\/en\/membership\/#breadcrumb","itemListElement":[{"@type":"ListItem","position":1,"name":"Startseite","item":"https:\/\/richemontplus.com\/en\/"},{"@type":"ListItem","position":2,"name":"MEMBERSHIP"}]},{"@type":"WebSite","@id":"https:\/\/richemontplus.com\/en\/#website","url":"https:\/\/richemontplus.com\/en\/","name":"Richemontplus.com","description":"High-quality educational videos, practical recipes and exciting blog articles","publisher":{"@id":"https:\/\/richemontplus.com\/en\/#organization"},"potentialAction":[{"@type":"SearchAction","target":{"@type":"EntryPoint","urlTemplate":"https:\/\/richemontplus.com\/en\/?s={search_term_string}"},"query-input":{"@type":"PropertyValueSpecification","valueRequired":true,"valueName":"search_term_string"}}],"inLanguage":"en-US"},{"@type":"Organization","@id":"https:\/\/richemontplus.com\/en\/#organization","name":"Richemontplus.com","url":"https:\/\/richemontplus.com\/en\/","logo":{"@type":"ImageObject","inLanguage":"en-US","@id":"https:\/\/richemontplus.com\/en\/#\/schema\/logo\/image\/","url":"https:\/\/richemontplus.com\/wp-content\/uploads\/2025\/05\/web_Richemont_plus_mit_Claim_pos.svg","contentUrl":"https:\/\/richemontplus.com\/wp-content\/uploads\/2025\/05\/web_Richemont_plus_mit_Claim_pos.svg","width":"1024","height":"1024","caption":"Richemontplus.com"},"image":{"@id":"https:\/\/richemontplus.com\/en\/#\/schema\/logo\/image\/"}}]}},"_links":{"self":[{"href":"https:\/\/richemontdev.wp-experten.org\/en\/wp-json\/wp\/v2\/pages\/33","targetHints":{"allow":["GET"]}}],"collection":[{"href":"https:\/\/richemontdev.wp-experten.org\/en\/wp-json\/wp\/v2\/pages"}],"about":[{"href":"https:\/\/richemontdev.wp-experten.org\/en\/wp-json\/wp\/v2\/types\/page"}],"author":[{"embeddable":true,"href":"https:\/\/richemontdev.wp-experten.org\/en\/wp-json\/wp\/v2\/users\/4"}],"replies":[{"embeddable":true,"href":"https:\/\/richemontdev.wp-experten.org\/en\/wp-json\/wp\/v2\/comments?post=33"}],"version-history":[{"count":137,"href":"https:\/\/richemontdev.wp-experten.org\/en\/wp-json\/wp\/v2\/pages\/33\/revisions"}],"predecessor-version":[{"id":15703,"href":"https:\/\/richemontdev.wp-experten.org\/en\/wp-json\/wp\/v2\/pages\/33\/revisions\/15703"}],"wp:attachment":[{"href":"https:\/\/richemontdev.wp-experten.org\/en\/wp-json\/wp\/v2\/media?parent=33"}],"curies":[{"name":"wp","href":"https:\/\/api.w.org\/{rel}","templated":true}]}}